{"id":903,"date":"2023-03-11T12:21:06","date_gmt":"2023-03-11T11:21:06","guid":{"rendered":"https:\/\/wienmitwienerin.com\/tours-de-la-viennoise\/"},"modified":"2023-09-20T16:39:29","modified_gmt":"2023-09-20T14:39:29","slug":"tours-de-la-viennoise","status":"publish","type":"page","link":"https:\/\/wienmitwienerin.com\/fr\/tours-de-la-viennoise\/","title":{"rendered":"Tours de la Viennoise"},"content":{"rendered":"<p><div class=\"fusion-fullwidth fullwidth-box fusion-builder-row-1 fusion-flex-container nonhundred-percent-fullwidth non-hundred-percent-height-scrolling\" style=\"--link_hover_color: var(--awb-color5);--link_color: var(--awb-color5);--awb-background-position:center top;--awb-background-blend-mode:multiply;--awb-border-color:var(--awb-color1);--awb-border-radius-top-left:0px;--awb-border-radius-top-right:0px;--awb-border-radius-bottom-right:0px;--awb-border-radius-bottom-left:0px;--awb-padding-top:0px;--awb-padding-right:15vw;--awb-padding-bottom:0px;--awb-padding-left:15vw;--awb-padding-top-small:70px;--awb-padding-right-small:40px;--awb-padding-bottom-small:0px;--awb-padding-left-small:40px;--awb-margin-bottom-medium:80px;--awb-margin-bottom-small:60px;--awb-background-color:hsla(var(--awb-color8-h),var(--awb-color8-s),var(--awb-color8-l),calc(var(--awb-color8-a) - 30%));--awb-flex-wrap:wrap;\" ><div class=\"fusion-builder-row fusion-row fusion-flex-align-items-flex-start fusion-flex-content-wrap\" style=\"max-width:1248px;margin-left: calc(-4% \/ 2 );margin-right: calc(-4% \/ 2 );\"><div class=\"fusion-layout-column fusion_builder_column fusion-builder-column-0 fusion_builder_column_1_1 1_1 fusion-flex-column\" style=\"--awb-bg-size:cover;--awb-width-large:100%;--awb-margin-top-large:0px;--awb-spacing-right-large:0px;--awb-margin-bottom-large:0px;--awb-spacing-left-large:0px;--awb-width-medium:100%;--awb-order-medium:0;--awb-spacing-right-medium:0px;--awb-spacing-left-medium:0px;--awb-width-small:100%;--awb-order-small:0;--awb-spacing-right-small:0%;--awb-spacing-left-small:0%;\"><div class=\"fusion-column-wrapper fusion-column-has-shadow fusion-flex-justify-content-flex-start fusion-content-layout-column\"><div class=\"fusion-image-element \" style=\"text-align:center;--awb-caption-title-font-family:var(--h2_typography-font-family);--awb-caption-title-font-weight:var(--h2_typography-font-weight);--awb-caption-title-font-style:var(--h2_typography-font-style);--awb-caption-title-size:var(--h2_typography-font-size);--awb-caption-title-transform:var(--h2_typography-text-transform);--awb-caption-title-line-height:var(--h2_typography-line-height);--awb-caption-title-letter-spacing:var(--h2_typography-letter-spacing);\"><span class=\" fusion-imageframe imageframe-none imageframe-1 hover-type-none\"><img decoding=\"async\" width=\"1920\" height=\"1200\" alt=\"vienna-avec-une-viennoise\" src=\"https:\/\/wienmitwienerin.com\/wp-content\/uploads\/2023\/09\/vienna-avec-une-viennoise.jpg\" class=\"img-responsive wp-image-1473\" srcset=\"https:\/\/wienmitwienerin.com\/wp-content\/uploads\/2023\/09\/vienna-avec-une-viennoise-200x125.jpg 200w, https:\/\/wienmitwienerin.com\/wp-content\/uploads\/2023\/09\/vienna-avec-une-viennoise-400x250.jpg 400w, https:\/\/wienmitwienerin.com\/wp-content\/uploads\/2023\/09\/vienna-avec-une-viennoise-600x375.jpg 600w, https:\/\/wienmitwienerin.com\/wp-content\/uploads\/2023\/09\/vienna-avec-une-viennoise-800x500.jpg 800w, https:\/\/wienmitwienerin.com\/wp-content\/uploads\/2023\/09\/vienna-avec-une-viennoise-1200x750.jpg 1200w, https:\/\/wienmitwienerin.com\/wp-content\/uploads\/2023\/09\/vienna-avec-une-viennoise.jpg 1920w\" sizes=\"(max-width: 640px) 100vw, 1920px\" \/><\/span><\/div><\/div><\/div><\/div><\/div><div class=\"fusion-fullwidth fullwidth-box fusion-builder-row-2 fusion-flex-container has-pattern-background has-mask-background nonhundred-percent-fullwidth non-hundred-percent-height-scrolling\" style=\"--awb-border-radius-top-left:0px;--awb-border-radius-top-right:0px;--awb-border-radius-bottom-right:0px;--awb-border-radius-bottom-left:0px;--awb-margin-top:3vw;--awb-flex-wrap:wrap;\" ><div class=\"fusion-builder-row fusion-row fusion-flex-align-items-flex-start fusion-flex-content-wrap\" style=\"max-width:1248px;margin-left: calc(-4% \/ 2 );margin-right: calc(-4% \/ 2 );\"><div class=\"fusion-layout-column fusion_builder_column fusion-builder-column-1 fusion_builder_column_1_1 1_1 fusion-flex-column\" style=\"--awb-bg-size:cover;--awb-width-large:100%;--awb-margin-top-large:0px;--awb-spacing-right-large:1.92%;--awb-margin-bottom-large:20px;--awb-spacing-left-large:1.92%;--awb-width-medium:100%;--awb-order-medium:0;--awb-spacing-right-medium:1.92%;--awb-spacing-left-medium:1.92%;--awb-width-small:100%;--awb-order-small:0;--awb-spacing-right-small:1.92%;--awb-spacing-left-small:1.92%;\"><div class=\"fusion-column-wrapper fusion-column-has-shadow fusion-flex-justify-content-flex-start fusion-content-layout-column\"><div class=\"fusion-title title fusion-title-1 fusion-sep-none fusion-title-text fusion-title-size-one\"><h1 class=\"fusion-title-heading title-heading-left\" style=\"margin:0;\">Mus\u00e9es et monuments de Vienne<br \/>\nPromenades et variantes de tours confortables<\/h1><\/div><div class=\"fusion-text fusion-text-1\" style=\"--awb-margin-top:1vw;\"><p>Tu trouveras ici quelques tours et visites au choix : Une br\u00e8ve description, le lieu de rendez-vous, la dur\u00e9e et les prix. N&rsquo;h\u00e9site pas \u00e0 m&rsquo;\u00e9crire si tu es int\u00e9ress\u00e9 par l&rsquo;un de ces sujets.<\/p>\n<p>Tu veux voir quelque chose de compl\u00e8tement diff\u00e9rent, combiner deux tours ou tu cherches un programme enti\u00e8rement adapt\u00e9 \u00e0 tes besoins ? Alors parlons de ce que tu cherches et de ce que je peux t&rsquo;offrir en \u00e9change. Il suffit de m&rsquo;envoyer un e-mail ou de m&rsquo;appeler.<\/p>\n<\/div><\/div><\/div><\/div><\/div><div class=\"fusion-fullwidth fullwidth-box fusion-builder-row-3 fusion-flex-container nonhundred-percent-fullwidth non-hundred-percent-height-scrolling\" style=\"--awb-background-position:left top;--awb-border-sizes-top:0px;--awb-border-sizes-bottom:0px;--awb-border-sizes-left:0px;--awb-border-sizes-right:0px;--awb-border-radius-top-left:0px;--awb-border-radius-top-right:0px;--awb-border-radius-bottom-right:0px;--awb-border-radius-bottom-left:0px;--awb-padding-right:0px;--awb-padding-bottom:0px;--awb-padding-left:0px;--awb-margin-top:3vw;--awb-margin-bottom:0px;--awb-background-color:var(--awb-color1);--awb-flex-wrap:wrap;\" ><div class=\"fusion-builder-row fusion-row fusion-flex-align-items-stretch fusion-flex-content-wrap\" style=\"max-width:calc( 1200px + 0px );margin-left: calc(-0px \/ 2 );margin-right: calc(-0px \/ 2 );\"><div class=\"fusion-layout-column fusion_builder_column fusion-builder-column-2 fusion_builder_column_1_2 1_2 fusion-flex-column\" style=\"--awb-padding-top:3vw;--awb-padding-right:3vw;--awb-padding-bottom:3vw;--awb-padding-left:3vw;--awb-bg-color:var(--awb-color5);--awb-bg-color-hover:var(--awb-color5);--awb-bg-blend:overlay;--awb-bg-size:cover;--awb-width-large:50%;--awb-margin-top-large:0px;--awb-spacing-right-large:0px;--awb-margin-bottom-large:0px;--awb-spacing-left-large:0px;--awb-width-medium:50%;--awb-spacing-right-medium:0px;--awb-spacing-left-medium:0px;--awb-width-small:100%;--awb-spacing-right-small:0px;--awb-spacing-left-small:0px;\"><div class=\"fusion-column-wrapper fusion-flex-justify-content-center fusion-content-layout-column\"><div class=\"fusion-title title fusion-title-2 fusion-sep-none fusion-title-text fusion-title-size-three\" style=\"--awb-text-color:var(--awb-color1);\"><h3 class=\"fusion-title-heading title-heading-left\" style=\"font-family:&quot;Amiri&quot;;font-style:normal;font-weight:700;margin:0;\">Promenades dans la ville de Vienne<\/h3><\/div><div class=\"fusion-text fusion-text-2 fusion-text-no-margin\" style=\"--awb-line-height:1.4;--awb-text-color:var(--awb-color1);\"><p>Nous nous promenons dans la ville sur des chemins plus ou moins connus. Je te montrerai tout ce qu&rsquo;il y a \u00e0 voir sur le chemin et je te raconterai l&rsquo;histoire et les histoires que rec\u00e8lent les b\u00e2timents, les rues et les places.<\/p>\n<p>Les visites se font \u00e0 pied et par tous les temps.<\/p>\n<\/div><div ><a class=\"fusion-button button-flat fusion-button-default-size button-custom fusion-button-default button-1 fusion-button-default-span fusion-button-default-type\" style=\"--button_accent_color:var(--awb-color5);--button_border_color:var(--awb-color5);--button_accent_hover_color:var(--awb-color5);--button_border_hover_color:var(--awb-color5);--button-border-radius-top-left:0;--button-border-radius-top-right:0;--button-border-radius-bottom-right:0;--button-border-radius-bottom-left:0;--button_gradient_top_color:var(--awb-color1);--button_gradient_bottom_color:var(--awb-color1);--button_gradient_top_color_hover:var(--awb-color3);--button_gradient_bottom_color_hover:var(--awb-color3);--button_margin-top:1vw;\" target=\"_self\" href=\"https:\/\/wienmitwienerin.com\/fr\/promenades-dans-la-ville-de-vienne\/\"><span class=\"fusion-button-text awb-button__text awb-button__text--default\">Vers les promenades en ville<\/span><\/a><\/div><\/div><\/div><div class=\"fusion-layout-column fusion_builder_column fusion-builder-column-3 fusion_builder_column_1_2 1_2 fusion-flex-column fusion-column-inner-bg-wrapper\" style=\"--awb-inner-bg-color:hsla(var(--awb-color8-h),var(--awb-color8-s),calc( var(--awb-color8-l) + 10% ),var(--awb-color8-a));--awb-inner-bg-color-hover:hsla(var(--awb-color8-h),var(--awb-color8-s),calc( var(--awb-color8-l) + 10% ),var(--awb-color8-a));--awb-inner-bg-image:url(&#039;https:\/\/wienmitwienerin.com\/wp-content\/uploads\/2023\/03\/Tour_stadtspaziergaenge_wien_mit_wienerin.jpg&#039;);--awb-inner-bg-position:center top;--awb-inner-bg-size:cover;--awb-width-large:50%;--awb-margin-top-large:0px;--awb-spacing-right-large:0px;--awb-margin-bottom-large:0px;--awb-spacing-left-large:0px;--awb-width-medium:50%;--awb-spacing-right-medium:0px;--awb-spacing-left-medium:0px;--awb-width-small:100%;--awb-spacing-right-small:0px;--awb-spacing-left-small:0px;\"><span class=\"fusion-column-inner-bg hover-type-zoomin\"><a class=\"fusion-column-anchor\" href=\"https:\/\/bit.ly\/2wVX4yE\"><span class=\"fusion-column-inner-bg-image\"><\/span><\/a><\/span><div class=\"fusion-column-wrapper fusion-flex-justify-content-flex-start fusion-content-layout-column fusion-empty-column-bg-image fusion-column-has-bg-image\" data-bg-url=\"https:\/\/wienmitwienerin.com\/wp-content\/uploads\/2023\/03\/Tour_stadtspaziergaenge_wien_mit_wienerin.jpg\"><img decoding=\"async\" class=\"fusion-empty-dims-img-placeholder fusion-no-large-visibility fusion-no-medium-visibility\" aria-label=\"Tour_stadtspaziergaenge_wien_mit_wienerin\" src=\"data:image\/svg+xml,%3Csvg%20xmlns%3D%27http%3A%2F%2Fwww.w3.org%2F2000%2Fsvg%27%20width%3D%271067%27%20height%3D%27667%27%20viewBox%3D%270%200%201067%20667%27%3E%3Crect%20width%3D%271067%27%20height%3D%27667%27%20fill-opacity%3D%220%22%2F%3E%3C%2Fsvg%3E\"><\/div><\/div><\/div><\/div><div class=\"fusion-fullwidth fullwidth-box fusion-builder-row-4 fusion-flex-container nonhundred-percent-fullwidth non-hundred-percent-height-scrolling\" style=\"--awb-background-position:left top;--awb-border-sizes-top:0px;--awb-border-sizes-bottom:0px;--awb-border-sizes-left:0px;--awb-border-sizes-right:0px;--awb-border-radius-top-left:0px;--awb-border-radius-top-right:0px;--awb-border-radius-bottom-right:0px;--awb-border-radius-bottom-left:0px;--awb-padding-right:0px;--awb-padding-bottom:0px;--awb-padding-left:0px;--awb-padding-top-small:6vw;--awb-margin-top:3vw;--awb-margin-bottom:0px;--awb-background-color:var(--awb-color1);--awb-flex-wrap:wrap;\" ><div class=\"fusion-builder-row fusion-row fusion-flex-align-items-stretch fusion-flex-content-wrap\" style=\"max-width:calc( 1200px + 0px );margin-left: calc(-0px \/ 2 );margin-right: calc(-0px \/ 2 );\"><div class=\"fusion-layout-column fusion_builder_column fusion-builder-column-4 fusion_builder_column_1_2 1_2 fusion-flex-column\" style=\"--awb-padding-top:3vw;--awb-padding-right:3vw;--awb-padding-bottom:3vw;--awb-padding-left:3vw;--awb-bg-color:var(--awb-color6);--awb-bg-color-hover:var(--awb-color6);--awb-bg-blend:overlay;--awb-bg-size:cover;--awb-width-large:50%;--awb-margin-top-large:0px;--awb-spacing-right-large:0px;--awb-margin-bottom-large:0px;--awb-spacing-left-large:0px;--awb-width-medium:50%;--awb-spacing-right-medium:0px;--awb-spacing-left-medium:0px;--awb-width-small:100%;--awb-spacing-right-small:0px;--awb-spacing-left-small:0px;\"><div class=\"fusion-column-wrapper fusion-flex-justify-content-center fusion-content-layout-column\"><div class=\"fusion-title title fusion-title-3 fusion-sep-none fusion-title-text fusion-title-size-three\" style=\"--awb-text-color:var(--awb-color1);\"><h3 class=\"fusion-title-heading title-heading-left\" style=\"font-family:&quot;Amiri&quot;;font-style:normal;font-weight:700;margin:0;\">Mus\u00e9es et monuments de Vienne<\/h3><\/div><div class=\"fusion-text fusion-text-3 fusion-text-no-margin\" style=\"--awb-line-height:1.4;--awb-text-color:var(--awb-color1);\"><p>Avec un fil rouge \u00e0 travers le mus\u00e9e et vers les points forts des classiques viennois : les visites guid\u00e9es du mus\u00e9e te montrent \u00e0 chaque fois l&rsquo;important et le sp\u00e9cial en un coup d&rsquo;\u0153il, compl\u00e9t\u00e9 par des arri\u00e8re-plans, des anecdotes et des histoires.<\/p>\n<p>En tant que guide viennoise, je te propose des visites guid\u00e9es dans la plupart des mus\u00e9es viennois et dans de nombreuses attractions touristiques, notamment ici :<\/p>\n<\/div><div class=\"accordian fusion-accordian\" style=\"--awb-border-size:1px;--awb-icon-size:16px;--awb-content-font-size:var(--awb-typography4-font-size);--awb-icon-alignment:left;--awb-hover-color:var(--awb-color2);--awb-border-color:var(--awb-color3);--awb-background-color:var(--awb-color1);--awb-divider-color:var(--awb-color3);--awb-divider-hover-color:var(--awb-color3);--awb-icon-color:var(--awb-color1);--awb-title-color:var(--awb-color1);--awb-content-color:var(--awb-color8);--awb-icon-box-color:var(--awb-color4);--awb-toggle-hover-accent-color:var(--awb-color5);--awb-title-font-family:var(--awb-typography1-font-family);--awb-title-font-weight:var(--awb-typography1-font-weight);--awb-title-font-style:var(--awb-typography1-font-style);--awb-title-font-size:16px;--awb-title-letter-spacing:var(--awb-typography1-letter-spacing);--awb-title-line-height:var(--awb-typography1-line-height);--awb-content-font-family:var(--awb-typography4-font-family);--awb-content-font-weight:var(--awb-typography4-font-weight);--awb-content-font-style:var(--awb-typography4-font-style);\"><div class=\"panel-group fusion-toggle-icon-boxed\" id=\"accordion-903-1\"><div class=\"fusion-panel panel-default panel-e92fe95d9739a1ca4 fusion-toggle-has-divider\" style=\"--awb-content-font-size:20px;--awb-content-line-height:1.4;--awb-content-font-family:&quot;Amiri&quot;;--awb-content-font-style:normal;--awb-content-font-weight:700;--awb-title-font-family:&quot;Amiri&quot;;--awb-title-font-weight:700;--awb-title-font-style:normal;--awb-title-font-size:20px;--awb-title-line-height:1.4;\"><div class=\"panel-heading\"><h4 class=\"panel-title toggle\" id=\"toggle_e92fe95d9739a1ca4\"><a aria-expanded=\"false\" aria-controls=\"e92fe95d9739a1ca4\" role=\"button\" data-toggle=\"collapse\" data-parent=\"#accordion-903-1\" data-target=\"#e92fe95d9739a1ca4\" href=\"#e92fe95d9739a1ca4\"><span class=\"fusion-toggle-icon-wrapper\" aria-hidden=\"true\"><i class=\"fa-fusion-box active-icon awb-icon-minus\" aria-hidden=\"true\"><\/i><i class=\"fa-fusion-box inactive-icon awb-icon-plus\" aria-hidden=\"true\"><\/i><\/span><span class=\"fusion-toggle-heading\">Liste des points d'int\u00e9r\u00eat<\/span><\/a><\/h4><\/div><div id=\"e92fe95d9739a1ca4\" class=\"panel-collapse collapse \" aria-labelledby=\"toggle_e92fe95d9739a1ca4\"><div class=\"panel-body toggle-content fusion-clearfix\">\n<p><span style=\"color: #ffffff;\"><strong>Mus\u00e9e d&rsquo;histoire de l&rsquo;art<\/strong><\/span><\/p>\n<p><span style=\"color: #ffffff;\"><strong>Mus\u00e9e Leopold &#8211; Vienne 1900<\/strong><\/span><\/p>\n<p><span style=\"color: #ffffff;\"><strong>Belv\u00e9d\u00e8re &#8211; Galerie autrichienne<\/strong><\/span><\/p>\n<p><span style=\"color: #ffffff;\"><strong>Mus\u00e9e juif de Vienne<\/strong><\/span><\/p>\n<p><span style=\"color: #ffffff;\"><strong>Mus\u00e9e du th\u00e9\u00e2tre<\/strong><\/span><\/p>\n<p><span style=\"color: #ffffff;\"><strong>Caveau des capucins<\/strong><\/span><\/p>\n<p><span style=\"color: #ffffff;\"><strong>Tr\u00e9sor<\/strong><\/span><\/p>\n<p><span style=\"color: #ffffff;\"><strong>Cath\u00e9drale Saint-\u00c9tienne<\/strong><\/span><\/p>\n<p><span style=\"color: #ffffff;\"><strong>Maison de Mozart \u00e0 Vienne<\/strong><\/span><\/p>\n<p><span style=\"color: #ffffff;\"><strong>Sch\u00f6nbrunn<\/strong><\/span><\/p>\n<p><span style=\"color: #ffffff;\"><strong>Mus\u00e9e Sisi<\/strong><\/span><\/p>\n<p><span style=\"color: #ffffff;\"><strong>Mus\u00e9e Freud<\/strong><\/span><\/p>\n<\/div><\/div><\/div><\/div><\/div><div ><a class=\"fusion-button button-flat fusion-button-default-size button-custom fusion-button-default button-2 fusion-button-default-span fusion-button-default-type\" style=\"--button_accent_color:var(--awb-color5);--button_border_color:var(--awb-color5);--button_accent_hover_color:var(--awb-color5);--button_border_hover_color:var(--awb-color5);--button-border-radius-top-left:0;--button-border-radius-top-right:0;--button-border-radius-bottom-right:0;--button-border-radius-bottom-left:0;--button_gradient_top_color:var(--awb-color1);--button_gradient_bottom_color:var(--awb-color1);--button_gradient_top_color_hover:var(--awb-color3);--button_gradient_bottom_color_hover:var(--awb-color3);--button_margin-top:2vw;\" target=\"_self\" href=\"https:\/\/wienmitwienerin.com\/wiener-museen-und-sehenswuerdigkeiten\/\"><span class=\"fusion-button-text awb-button__text awb-button__text--default\"> Mus\u00e9es et attractions touristiques<\/span><\/a><\/div><\/div><\/div><div class=\"fusion-layout-column fusion_builder_column fusion-builder-column-5 fusion_builder_column_1_2 1_2 fusion-flex-column fusion-column-inner-bg-wrapper\" style=\"--awb-inner-bg-color:hsla(var(--awb-color8-h),var(--awb-color8-s),calc( var(--awb-color8-l) + 10% ),var(--awb-color8-a));--awb-inner-bg-color-hover:hsla(var(--awb-color8-h),var(--awb-color8-s),calc( var(--awb-color8-l) + 10% ),var(--awb-color8-a));--awb-inner-bg-image:url(&#039;https:\/\/wienmitwienerin.com\/wp-content\/uploads\/2023\/03\/Wiener_museen_und_sehenswuerdigkeiten.jpg&#039;);--awb-inner-bg-position:center center;--awb-inner-bg-size:cover;--awb-width-large:50%;--awb-margin-top-large:0px;--awb-spacing-right-large:0px;--awb-margin-bottom-large:0px;--awb-spacing-left-large:0px;--awb-width-medium:50%;--awb-spacing-right-medium:0px;--awb-spacing-left-medium:0px;--awb-width-small:100%;--awb-spacing-right-small:0px;--awb-spacing-left-small:0px;\"><span class=\"fusion-column-inner-bg hover-type-zoomin\"><a class=\"fusion-column-anchor\" href=\"https:\/\/bit.ly\/2wVX4yE\"><span class=\"fusion-column-inner-bg-image\"><\/span><\/a><\/span><div class=\"fusion-column-wrapper fusion-flex-justify-content-flex-start fusion-content-layout-column fusion-empty-column-bg-image fusion-column-has-bg-image\" data-bg-url=\"https:\/\/wienmitwienerin.com\/wp-content\/uploads\/2023\/03\/Wiener_museen_und_sehenswuerdigkeiten.jpg\"><img decoding=\"async\" class=\"fusion-empty-dims-img-placeholder fusion-no-large-visibility fusion-no-medium-visibility\" aria-label=\"Wiener_museen_und_sehenswuerdigkeiten\" src=\"data:image\/svg+xml,%3Csvg%20xmlns%3D%27http%3A%2F%2Fwww.w3.org%2F2000%2Fsvg%27%20width%3D%271067%27%20height%3D%27667%27%20viewBox%3D%270%200%201067%20667%27%3E%3Crect%20width%3D%271067%27%20height%3D%27667%27%20fill-opacity%3D%220%22%2F%3E%3C%2Fsvg%3E\"><\/div><\/div><\/div><\/div><div class=\"fusion-fullwidth fullwidth-box fusion-builder-row-5 fusion-flex-container nonhundred-percent-fullwidth non-hundred-percent-height-scrolling\" style=\"--awb-background-position:left top;--awb-border-sizes-top:0px;--awb-border-sizes-bottom:0px;--awb-border-sizes-left:0px;--awb-border-sizes-right:0px;--awb-border-radius-top-left:0px;--awb-border-radius-top-right:0px;--awb-border-radius-bottom-right:0px;--awb-border-radius-bottom-left:0px;--awb-padding-top:0px;--awb-padding-right:0px;--awb-padding-bottom:0px;--awb-padding-left:0px;--awb-padding-top-small:6vw;--awb-margin-top:3vw;--awb-margin-bottom:0px;--awb-background-color:var(--awb-color1);--awb-flex-wrap:wrap;\" ><div class=\"fusion-builder-row fusion-row fusion-flex-align-items-stretch fusion-flex-content-wrap\" style=\"max-width:calc( 1200px + 0px );margin-left: calc(-0px \/ 2 );margin-right: calc(-0px \/ 2 );\"><div class=\"fusion-layout-column fusion_builder_column fusion-builder-column-6 fusion_builder_column_1_2 1_2 fusion-flex-column\" style=\"--awb-padding-top:3vw;--awb-padding-right:3vw;--awb-padding-bottom:3vw;--awb-padding-left:3vw;--awb-bg-color:rgba(67,69,73,0.13);--awb-bg-color-hover:rgba(67,69,73,0.13);--awb-bg-blend:overlay;--awb-bg-size:cover;--awb-width-large:50%;--awb-margin-top-large:0px;--awb-spacing-right-large:0px;--awb-margin-bottom-large:0px;--awb-spacing-left-large:0px;--awb-width-medium:50%;--awb-spacing-right-medium:0px;--awb-spacing-left-medium:0px;--awb-width-small:100%;--awb-spacing-right-small:0px;--awb-spacing-left-small:0px;\"><div class=\"fusion-column-wrapper fusion-flex-justify-content-center fusion-content-layout-column\"><div class=\"fusion-title title fusion-title-4 fusion-sep-none fusion-title-text fusion-title-size-three\" style=\"--awb-text-color:var(--awb-color7);\"><h3 class=\"fusion-title-heading title-heading-left\" style=\"font-family:&quot;Amiri&quot;;font-style:normal;font-weight:700;margin:0;\">Vienne Confortable<\/h3><\/div><div class=\"fusion-text fusion-text-4 fusion-text-no-margin\" style=\"--awb-line-height:1.4;--awb-text-color:var(--awb-color7);\"><p>La visite de la ville peut \u00eatre assez fatigante. Ces visites conviviales compl\u00e8tent les circuits habituels et combinent plaisir et information. Id\u00e9al pour changer d&rsquo;air et se reposer de mani\u00e8re productive. Nous l&rsquo;abordons, comme on dit \u00e0 Vienne, pomali*).<\/p>\n<\/div><div ><a class=\"fusion-button button-flat fusion-button-default-size button-custom fusion-button-default button-3 fusion-button-default-span fusion-button-default-type\" style=\"--button_accent_color:var(--awb-color5);--button_border_color:var(--awb-color5);--button_accent_hover_color:var(--awb-color5);--button_border_hover_color:var(--awb-color5);--button-border-radius-top-left:0;--button-border-radius-top-right:0;--button-border-radius-bottom-right:0;--button-border-radius-bottom-left:0;--button_gradient_top_color:var(--awb-color1);--button_gradient_bottom_color:var(--awb-color1);--button_gradient_top_color_hover:var(--awb-color3);--button_gradient_bottom_color_hover:var(--awb-color3);--button_margin-top:1vw;--button_margin-bottom:1vw;\" target=\"_self\" href=\"https:\/\/wienmitwienerin.com\/fr\/vienne-confortable\/\"><span class=\"fusion-button-text awb-button__text awb-button__text--default\">Vienne en toute tranquillit\u00e9<\/span><\/a><\/div><div class=\"fusion-text fusion-text-5\" style=\"--awb-font-size:15px;--awb-line-height:1.2;--awb-text-color:var(--awb-color7);--awb-text-font-family:&quot;Amiri&quot;;--awb-text-font-style:normal;--awb-text-font-weight:400;\"><p>*) Pomali signifie confortable, r\u00e9fl\u00e9chi, lent, petit \u00e0 petit. Comme beaucoup de mots du dialecte viennois, il vient du tch\u00e8que, o\u00f9 pomal\u00fd signifie se d\u00e9placer \u00e0 faible vitesse.<\/p>\n<p>Tu trouveras d&rsquo;autres termes typiquement viennois dans mon <a href=\"https:\/\/wienmitwienerin.com\/wienerisch-glossar\/\">glossaire viennois.<\/a><\/p>\n<\/div><\/div><\/div><div class=\"fusion-layout-column fusion_builder_column fusion-builder-column-7 fusion_builder_column_1_2 1_2 fusion-flex-column fusion-column-inner-bg-wrapper\" style=\"--awb-inner-bg-color:hsla(var(--awb-color8-h),var(--awb-color8-s),calc( var(--awb-color8-l) + 10% ),var(--awb-color8-a));--awb-inner-bg-color-hover:hsla(var(--awb-color8-h),var(--awb-color8-s),calc( var(--awb-color8-l) + 10% ),var(--awb-color8-a));--awb-inner-bg-image:url(&#039;https:\/\/wienmitwienerin.com\/wp-content\/uploads\/2023\/03\/Wiener_Stadtspaziergaenge.jpg&#039;);--awb-inner-bg-position:center top;--awb-inner-bg-size:cover;--awb-width-large:50%;--awb-margin-top-large:0px;--awb-spacing-right-large:0px;--awb-margin-bottom-large:0px;--awb-spacing-left-large:0px;--awb-width-medium:50%;--awb-spacing-right-medium:0px;--awb-spacing-left-medium:0px;--awb-width-small:100%;--awb-spacing-right-small:0px;--awb-spacing-left-small:0px;\"><span class=\"fusion-column-inner-bg hover-type-zoomin\"><a class=\"fusion-column-anchor\" href=\"https:\/\/bit.ly\/2wVX4yE\"><span class=\"fusion-column-inner-bg-image\"><\/span><\/a><\/span><div class=\"fusion-column-wrapper fusion-flex-justify-content-flex-start fusion-content-layout-column fusion-empty-column-bg-image fusion-column-has-bg-image\" data-bg-url=\"https:\/\/wienmitwienerin.com\/wp-content\/uploads\/2023\/03\/Wiener_Stadtspaziergaenge.jpg\"><img decoding=\"async\" class=\"fusion-empty-dims-img-placeholder fusion-no-large-visibility fusion-no-medium-visibility\" aria-label=\"Wiener_Stadtspaziergaenge\" src=\"data:image\/svg+xml,%3Csvg%20xmlns%3D%27http%3A%2F%2Fwww.w3.org%2F2000%2Fsvg%27%20width%3D%271067%27%20height%3D%27667%27%20viewBox%3D%270%200%201067%20667%27%3E%3Crect%20width%3D%271067%27%20height%3D%27667%27%20fill-opacity%3D%220%22%2F%3E%3C%2Fsvg%3E\"><\/div><\/div><\/div><\/div><\/p>\n","protected":false},"excerpt":{"rendered":"","protected":false},"author":1,"featured_media":0,"parent":0,"menu_order":0,"comment_status":"closed","ping_status":"closed","template":"100-width.php","meta":{"footnotes":""},"class_list":["post-903","page","type-page","status-publish","hentry"],"_links":{"self":[{"href":"https:\/\/wienmitwienerin.com\/fr\/wp-json\/wp\/v2\/pages\/903","targetHints":{"allow":["GET"]}}],"collection":[{"href":"https:\/\/wienmitwienerin.com\/fr\/wp-json\/wp\/v2\/pages"}],"about":[{"href":"https:\/\/wienmitwienerin.com\/fr\/wp-json\/wp\/v2\/types\/page"}],"author":[{"embeddable":true,"href":"https:\/\/wienmitwienerin.com\/fr\/wp-json\/wp\/v2\/users\/1"}],"replies":[{"embeddable":true,"href":"https:\/\/wienmitwienerin.com\/fr\/wp-json\/wp\/v2\/comments?post=903"}],"version-history":[{"count":4,"href":"https:\/\/wienmitwienerin.com\/fr\/wp-json\/wp\/v2\/pages\/903\/revisions"}],"predecessor-version":[{"id":1476,"href":"https:\/\/wienmitwienerin.com\/fr\/wp-json\/wp\/v2\/pages\/903\/revisions\/1476"}],"wp:attachment":[{"href":"https:\/\/wienmitwienerin.com\/fr\/wp-json\/wp\/v2\/media?parent=903"}],"curies":[{"name":"wp","href":"https:\/\/api.w.org\/{rel}","templated":true}]}}